{"id":169,"date":"2018-07-03T23:04:41","date_gmt":"2018-07-03T21:04:41","guid":{"rendered":"http:\/\/873.gvs.arnes.si\/izobrazevalni-center\/?page_id=169"},"modified":"2026-01-27T11:21:32","modified_gmt":"2026-01-27T10:21:32","slug":"usposabljanja-za-izvajalce-ukrepov-varstva-rastlin","status":"publish","type":"page","link":"https:\/\/www.hvu.si\/izobrazevalni-center\/?page_id=169","title":{"rendered":"Usposabljanja za poklicne uporabnike fitofarmacevtskih sredstev"},"content":{"rendered":"<p style=\"text-align: justify\"><span style=\"font-family: verdana, geneva, sans-serif\">Na podlagi Pravilnika o usposabljanju o fitofarmacevtskih sredstvih je \u0160ola za hortikulturo in vizualne umetnosti Celje izvajalec programa usposabljanja za poklicne uporabnike fitofarmacevtskih sredstev.<\/span><\/p>\n<p style=\"text-align: justify\"><span style=\"font-family: verdana, geneva, sans-serif\">Na \u0161oli vsako leto izvajamo osnovna in obnovitvena usposabljanja. Podatke o usposabljanjih najdete na spletni strani \u0161ole ali na spletni strani Uprave za varno hrano, veterinarstvo in varstvo rastlin.<\/span><\/p>\n<p style=\"text-align: justify\"><span style=\"font-family: verdana, geneva, sans-serif\">Usposabljanje je po veljavni zakonodaji namenjeno samo <u>poklicnim uporabnikom fitofarmacevtskih sredstev<\/u>. To so \u010dlani kmetijskih gospodarstev in lastniki podjetij oz. zaposleni v podjetjih, ki pri svoji dejavnosti uporabljajo fitofarmacevtska sredstva.<\/span><\/p>\n<p style=\"text-align: justify\"><span style=\"font-family: verdana, geneva, sans-serif\">Osnovno usposabljanje traja 15 ur, strnjeno 3 dni. Po kon\u010danem usposabljanju opravijo kandidati pisni izpit. Po uspe\u0161no zaklju\u010denem usposabljanju dobijo kandidati izkaznico poklicnega uporabnika (izvajalca ukrepov varstva rastlin), ki omogo\u010da nakup in uporabo fitofarmacevtskih sredstev.<\/span><\/p>\n<p style=\"text-align: justify\"><span style=\"font-family: verdana, geneva, sans-serif\">Potrdilo velja 5 let. Za podalj\u0161anje veljavnosti se je potrebno udele\u017eiti obnovitvenega te\u010daja, ki traja 5 \u0161olskih ur.<\/span><\/p>\n<p style=\"text-align: justify\"><span style=\"font-family: verdana, geneva, sans-serif;font-size: 12pt\">Na \u0161oli vsako leto izvajamo osnovna in obnovitvena usposabljanja. Podatke o usposabljanjih najdete na spletni strani \u0161ole ali na spletnem naslovu <a href=\"mailto:bogdana.kapitler@hvu.si\">bogdana.kapitler@hvu.si.<\/a><\/span><\/p>\n<p><a href=\"https:\/\/www.hvu.si\/izobrazevalni-center\/wp-content\/uploads\/sites\/6\/2026\/01\/VABILO-NA-OSNOVNO-USPOSABLJANJE-2026.pdf\">VABILO NA OSNOVNO USPOSABLJANJE 2026<\/a><\/p>\n<p><a href=\"https:\/\/www.hvu.si\/izobrazevalni-center\/wp-content\/uploads\/sites\/6\/2026\/01\/VABILO-NA-OBNOVITVENO-USPOSABLJANJE-2026.pdf\">VABILO NA OBNOVITVENO USPOSABLJANJE 2026<\/a><\/p>\n","protected":false},"excerpt":{"rendered":"<p>Na podlagi Pravilnika o usposabljanju o fitofarmacevtskih sredstvih je \u0160ola za hortikulturo in vizualne umetnosti Celje izvajalec programa usposabljanja za poklicne uporabnike fitofarmacevtskih sredstev. Na \u0161oli vsako leto izvajamo osnovna in obnovitvena usposabljanja. Podatke o usposabljanjih najdete na spletni strani \u0161ole ali na spletni strani Uprave za varno hrano, veterinarstvo in varstvo rastlin. Usposabljanje je [&hellip;]<\/p>\n","protected":false},"author":1,"featured_media":0,"parent":0,"menu_order":0,"comment_status":"closed","ping_status":"closed","template":"","meta":{"footnotes":""},"class_list":["post-169","page","type-page","status-publish","hentry"],"_links":{"self":[{"href":"https:\/\/www.hvu.si\/izobrazevalni-center\/index.php?rest_route=\/wp\/v2\/pages\/169","targetHints":{"allow":["GET"]}}],"collection":[{"href":"https:\/\/www.hvu.si\/izobrazevalni-center\/index.php?rest_route=\/wp\/v2\/pages"}],"about":[{"href":"https:\/\/www.hvu.si\/izobrazevalni-center\/index.php?rest_route=\/wp\/v2\/types\/page"}],"author":[{"embeddable":true,"href":"https:\/\/www.hvu.si\/izobrazevalni-center\/index.php?rest_route=\/wp\/v2\/users\/1"}],"replies":[{"embeddable":true,"href":"https:\/\/www.hvu.si\/izobrazevalni-center\/index.php?rest_route=%2Fwp%2Fv2%2Fcomments&post=169"}],"version-history":[{"count":70,"href":"https:\/\/www.hvu.si\/izobrazevalni-center\/index.php?rest_route=\/wp\/v2\/pages\/169\/revisions"}],"predecessor-version":[{"id":2072,"href":"https:\/\/www.hvu.si\/izobrazevalni-center\/index.php?rest_route=\/wp\/v2\/pages\/169\/revisions\/2072"}],"wp:attachment":[{"href":"https:\/\/www.hvu.si\/izobrazevalni-center\/index.php?rest_route=%2Fwp%2Fv2%2Fmedia&parent=169"}],"curies":[{"name":"wp","href":"https:\/\/api.w.org\/{rel}","templated":true}]}}